{"id":1478,"date":"2026-01-26T14:51:16","date_gmt":"2026-01-26T14:51:16","guid":{"rendered":"https:\/\/www.test.gattomarsaalamtours.com\/?page_id=1478"},"modified":"2026-01-26T18:56:40","modified_gmt":"2026-01-26T18:56:40","slug":"transport","status":"publish","type":"page","link":"https:\/\/www.test.gattomarsaalamtours.com\/cs\/transport\/","title":{"rendered":"Transport"},"content":{"rendered":"\t\t<div data-elementor-type=\"wp-page\" data-elementor-id=\"1478\" class=\"elementor elementor-1478\">\n\t\t\t\t\t\t<section class=\"elementor-section elementor-top-section elementor-element elementor-element-1ee4e44 elementor-section-height-min-height elementor-section-boxed elementor-section-height-default elementor-section-items-middle\" data-id=\"1ee4e44\" data-element_type=\"section\" data-e-type=\"section\" data-settings=\"{&quot;background_background&quot;:&quot;slideshow&quot;,&quot;background_slideshow_gallery&quot;:[{&quot;id&quot;:701,&quot;url&quot;:&quot;https:\\\/\\\/www.test.gattomarsaalamtours.com\\\/wp-content\\\/uploads\\\/2026\\\/01\\\/AdobeStock_279098467.jpg&quot;},{&quot;id&quot;:871,&quot;url&quot;:&quot;https:\\\/\\\/www.test.gattomarsaalamtours.com\\\/wp-content\\\/uploads\\\/2026\\\/01\\\/1edef8c5e52042aa2f097d9f83944e66.jpg&quot;},{&quot;id&quot;:873,&quot;url&quot;:&quot;https:\\\/\\\/www.test.gattomarsaalamtours.com\\\/wp-content\\\/uploads\\\/2026\\\/01\\\/Gemini_Generated_Image_3wlykd3wlykd3wly.png&quot;}],&quot;background_slideshow_slide_duration&quot;:3000,&quot;background_slideshow_transition_duration&quot;:200,&quot;background_slideshow_ken_burns&quot;:&quot;yes&quot;,&quot;background_slideshow_ken_burns_zoom_direction&quot;:&quot;out&quot;,&quot;background_slideshow_loop&quot;:&quot;yes&quot;,&quot;background_slideshow_slide_transition&quot;:&quot;fade&quot;}\">\n\t\t\t\t\t\t\t<div class=\"elementor-background-overlay\"><\/div>\n\t\t\t\t\t\t\t<div class=\"elementor-container elementor-column-gap-default\">\n\t\t\t\t\t<div class=\"elementor-column elementor-col-100 elementor-top-column elementor-element elementor-element-2206faf\" data-id=\"2206faf\" data-element_type=\"column\" data-e-type=\"column\">\n\t\t\t<div class=\"elementor-widget-wrap elementor-element-populated\">\n\t\t\t\t\t\t<div class=\"elementor-element elementor-element-ee8bfba animated-fast elementor-invisible elementor-widget elementor-widget-gva-heading-block\" data-id=\"ee8bfba\" data-element_type=\"widget\" data-e-type=\"widget\" data-settings=\"{&quot;_animation&quot;:&quot;slideInDown&quot;}\" data-widget_type=\"gva-heading-block.default\">\n\t\t\t\t<div class=\"elementor-widget-container\">\n\t\t\t\t\t<div class=\"gva-element-gva-heading-block gva-element\">   <div class=\"align-center style-5 widget gsc-heading box-align-left auto-responsive\">\r\n      <div class=\"content-inner\">\r\n         \r\n                  \r\n         <div class=\"sub-title\"><span class=\"tagline\">Gatto Marsa Alam Tours<\/span><\/div>  \r\n         \r\n                     <h2 class=\"title\">\r\n               <span>Airport Transfer<\/span>\r\n            <\/h2>\r\n                  \r\n                     <div class=\"title-desc\">We provide reliable, comfortable, and punctual transfers from and to the airport, ensuring a safe and relaxing start or end to your journey. Our professional drivers and modern vehicles are ready to welcome you and take you directly to your hotel or destination with complete peace of mind.<\/div>\r\n         \r\n         \r\n      <\/div>\r\n   <\/div>\r\n<\/div>\t\t\t\t<\/div>\n\t\t\t\t<\/div>\n\t\t\t\t\t<\/div>\n\t\t<\/div>\n\t\t\t\t\t<\/div>\n\t\t<\/section>\n\t\t\t\t<section class=\"elementor-section elementor-top-section elementor-element elementor-element-e63634c elementor-section-boxed elementor-section-height-default elementor-section-height-default\" data-id=\"e63634c\" data-element_type=\"section\" data-e-type=\"section\">\n\t\t\t\t\t\t<div class=\"elementor-container elementor-column-gap-default\">\n\t\t\t\t\t<div class=\"elementor-column elementor-col-100 elementor-top-column elementor-element elementor-element-33578b8\" data-id=\"33578b8\" data-element_type=\"column\" data-e-type=\"column\">\n\t\t\t<div class=\"elementor-widget-wrap elementor-element-populated\">\n\t\t\t\t\t\t<div class=\"elementor-element elementor-element-b6f42ef elementor-widget elementor-widget-html\" data-id=\"b6f42ef\" data-element_type=\"widget\" data-e-type=\"widget\" data-widget_type=\"html.default\">\n\t\t\t\t\t<div class=\"airport-transfer-prices\">\r\n\r\n<style>\r\n\/* ===== Scoped Styles (Safe for any website) ===== *\/\r\n.airport-transfer-prices {\r\n    font-family: Arial, sans-serif;\r\n    padding: 15px;\r\n    background: #f9f9f9;\r\n}\r\n\r\n.airport-transfer-prices h2 {\r\n    margin-bottom: 15px;\r\n}\r\n\r\n.airport-transfer-prices .table-container {\r\n    overflow-x: auto;\r\n}\r\n\r\n.airport-transfer-prices table {\r\n    width: 100%;\r\n    border-collapse: collapse;\r\n    background: #ffffff;\r\n}\r\n\r\n.airport-transfer-prices th,\r\n.airport-transfer-prices td {\r\n    padding: 10px;\r\n    border: 1px solid #ddd;\r\n    text-align: left;\r\n    white-space: nowrap;\r\n}\r\n\r\n.airport-transfer-prices th {\r\n    background: #222;\r\n    color: #ffffff;\r\n}\r\n\r\n@media (max-width: 600px) {\r\n    .airport-transfer-prices th,\r\n    .airport-transfer-prices td {\r\n        padding: 8px;\r\n        font-size: 14px;\r\n    }\r\n}\r\n<\/style>\r\n\r\n<h2>Airport Transfer Prices<\/h2>\r\n\r\n<div class=\"table-container\">\r\n<table class=\"dataframe\">\r\n<thead>\r\n<tr>\r\n    <th>Route<\/th>\r\n    <th>Limousine (2\u00d71)<\/th>\r\n    <th>Microbus (8\u00d71)<\/th>\r\n    <th>Coaster (14\u00d71)<\/th>\r\n<\/tr>\r\n<\/thead>\r\n\r\n<tbody>\r\n<tr><td>Hurghada \/ Airport<\/td><td>$14.89<\/td><td>$17.77<\/td><td>$28.62<\/td><\/tr>\r\n<tr><td>El Gouna - Sahl Hasheesh \/ Airport<\/td><td>$18.30<\/td><td>$20.74<\/td><td>$36.91<\/td><\/tr>\r\n<tr><td>Makadi \/ Airport<\/td><td>$19.57<\/td><td>$22.34<\/td><td>$39.15<\/td><\/tr>\r\n<tr><td>Safaga \/ Airport<\/td><td>$26.06<\/td><td>$28.62<\/td><td>$45.53<\/td><\/tr>\r\n<tr><td>Nefertari \/ Airport<\/td><td>$41.91<\/td><td>$46.38<\/td><td>$68.40<\/td><\/tr>\r\n<tr><td>Acacia (Quseir) \/ Airport<\/td><td>$56.28<\/td><td>$63.40<\/td><td>$96.49<\/td><\/tr>\r\n<tr><td>North Marsa Alam \/ Airport<\/td><td>$79.89<\/td><td>$88.94<\/td><td>$120.32<\/td><\/tr>\r\n<tr><td>South Marsa Alam \/ Hurghada Airport<\/td><td>$94.68<\/td><td>$105.53<\/td><td>$137.02<\/td><\/tr>\r\n<tr><td>Deep South Marsa Alam \/ Hurghada Airport<\/td><td>$110.21<\/td><td>$121.70<\/td><td>$154.68<\/td><\/tr>\r\n<tr><td>Marsa Alam North Arrival\/Departure<\/td><td>$101.91<\/td><td>$112.55<\/td><td>$135.64<\/td><\/tr>\r\n<tr><td>Marsa Alam South Arrival\/Departure<\/td><td>$126.06<\/td><td>$140.32<\/td><td>$170.11<\/td><\/tr>\r\n<tr><td>Hamata \/ Hurghada Airport<\/td><td>$126.06<\/td><td>$140.32<\/td><td>$166.38<\/td><\/tr>\r\n<tr><td>Alf Leila City Tour \/ Hurghada<\/td><td>$29.04<\/td><td>$31.81<\/td><td>$51.70<\/td><\/tr>\r\n<tr><td>Alf Leila City Tour \/ El Gouna - Sahl Hasheesh<\/td><td>$37.13<\/td><td>$41.49<\/td><td>$73.62<\/td><\/tr>\r\n<tr><td>Alf Leila City Tour \/ Makadi<\/td><td>$39.79<\/td><td>$44.36<\/td><td>$77.45<\/td><\/tr>\r\n<tr><td>Alf Leila City Tour \/ Safaga or Soma Bay<\/td><td>$51.28<\/td><td>$57.34<\/td><td>$88.72<\/td><\/tr>\r\n<tr><td>Sea Trip Round \/ Hurghada<\/td><td>$29.04<\/td><td>$31.60<\/td><td>$51.70<\/td><\/tr>\r\n<tr><td>Sea Trip Round \/ El Gouna - Sahl Hasheesh<\/td><td>$37.13<\/td><td>$41.49<\/td><td>$73.62<\/td><\/tr>\r\n<tr><td>Sea Trip Round \/ Makadi<\/td><td>$39.68<\/td><td>$44.36<\/td><td>$77.45<\/td><\/tr>\r\n<tr><td>Sea Trip Round \/ Safaga or Soma Bay<\/td><td>$51.28<\/td><td>$57.34<\/td><td>$88.72<\/td><\/tr>\r\n<tr><td>Aswan Transfer<\/td><td>$154.04<\/td><td>$171.49<\/td><td>$254.26<\/td><\/tr>\r\n<tr><td>Luxor Transfer<\/td><td>$99.26<\/td><td>$110.32<\/td><td>$171.49<\/td><\/tr>\r\n<tr><td>Cairo Transfer<\/td><td>$156.06<\/td><td>$172.98<\/td><td>$264.68<\/td><\/tr>\r\n<tr><td>Safaga-Makadi-Hurghada \/ Luxor Overday<\/td><td>$126.17<\/td><td>$142.77<\/td><td>$199.68<\/td><\/tr>\r\n<tr><td>El Gouna - Sahl Hasheesh \/ Luxor Overday<\/td><td>$144.68<\/td><td>$163.51<\/td><td>$236.60<\/td><\/tr>\r\n<tr><td>Zafarana \/ Monasteries Overday<\/td><td>$126.17<\/td><td>$142.77<\/td><td>$199.68<\/td><\/tr>\r\n<tr><td>El Gouna - Hurghada \/ Cairo Overday<\/td><td>$173.94<\/td><td>$193.62<\/td><td>$285.43<\/td><\/tr>\r\n<tr><td>Makadi \/ Cairo Overday<\/td><td>$193.51<\/td><td>$215.96<\/td><td>$324.47<\/td><\/tr>\r\n<tr><td>Sahl Hasheesh \/ Cairo Overday<\/td><td>$192.34<\/td><td>$214.36<\/td><td>$322.34<\/td><\/tr>\r\n<tr><td>Safaga \/ Cairo Overday<\/td><td>$200.00<\/td><td>$222.34<\/td><td>$330.85<\/td><\/tr>\r\n<tr><td>Abydos - Dendera<\/td><td>$173.94<\/td><td>$193.62<\/td><td>$285.43<\/td><\/tr>\r\n<tr><td>Aswan Overday<\/td><td>$181.70<\/td><td>$203.83<\/td><td>$298.51<\/td><\/tr>\r\n<tr><td>Alexandria Overnight<\/td><td>$264.68<\/td><td>$293.19<\/td><td>$441.17<\/td><\/tr>\r\n<tr><td>Overnight Stay<\/td><td>$74.47<\/td><td>$80.53<\/td><td>$98.09<\/td><\/tr>\r\n<\/tbody>\r\n<\/table>\r\n<\/div>\r\n\r\n<\/div>\r\n\t\t\t\t<\/div>\n\t\t\t\t\t<\/div>\n\t\t<\/div>\n\t\t\t\t\t<\/div>\n\t\t<\/section>\n\t\t\t\t<section class=\"elementor-section elementor-top-section elementor-element elementor-element-aa8c996 elementor-section-boxed elementor-section-height-default elementor-section-height-default\" data-id=\"aa8c996\" data-element_type=\"section\" data-e-type=\"section\">\n\t\t\t\t\t\t<div class=\"elementor-container elementor-column-gap-default\">\n\t\t\t\t\t<div class=\"elementor-column elementor-col-100 elementor-top-column elementor-element elementor-element-da3e0b8\" data-id=\"da3e0b8\" data-element_type=\"column\" data-e-type=\"column\">\n\t\t\t<div class=\"elementor-widget-wrap elementor-element-populated\">\n\t\t\t\t\t\t<div class=\"elementor-element elementor-element-7ca1f9f elementor-widget elementor-widget-shortcode\" data-id=\"7ca1f9f\" data-element_type=\"widget\" data-e-type=\"widget\" data-widget_type=\"shortcode.default\">\n\t\t\t\t\t\t\t<div class=\"elementor-shortcode\">\n<div class=\"wpcf7 no-js\" id=\"wpcf7-f1483-o1\" lang=\"en-US\" dir=\"ltr\" data-wpcf7-id=\"1483\">\n<div class=\"screen-reader-response\"><p role=\"status\" aria-live=\"polite\" aria-atomic=\"true\"><\/p> <ul><\/ul><\/div>\n<form action=\"\/cs\/wp-json\/wp\/v2\/pages\/1478#wpcf7-f1483-o1\" method=\"post\" class=\"wpcf7-form init\" aria-label=\"Contact form\" novalidate=\"novalidate\" data-status=\"init\">\n<fieldset class=\"hidden-fields-container\"><input type=\"hidden\" name=\"_wpcf7\" value=\"1483\" \/><input type=\"hidden\" name=\"_wpcf7_version\" value=\"6.1.5\" \/><input type=\"hidden\" name=\"_wpcf7_locale\" value=\"en_US\" \/><input type=\"hidden\" name=\"_wpcf7_unit_tag\" value=\"wpcf7-f1483-o1\" \/><input type=\"hidden\" name=\"_wpcf7_container_post\" value=\"0\" \/><input type=\"hidden\" name=\"_wpcf7_posted_data_hash\" value=\"\" \/>\n<\/fieldset>\n<div class=\"row g-4 mb-60\">\n\n  <div class=\"col-md-6\">\n    <div class=\"form-inner\">\n      <label>Full Name<\/label>\n      <span class=\"wpcf7-form-control-wrap\" data-name=\"full-name\"><input size=\"40\" maxlength=\"400\" class=\"wpcf7-form-control wpcf7-text wpcf7-validates-as-required\" aria-required=\"true\" aria-invalid=\"false\" placeholder=\"Washington Mongla\" value=\"\" type=\"text\" name=\"full-name\" \/><\/span>\n    <\/div>\n  <\/div>\n\n  <div class=\"col-md-6\">\n    <div class=\"form-inner\">\n      <label>Email Address<\/label>\n      <span class=\"wpcf7-form-control-wrap\" data-name=\"email\"><input size=\"40\" maxlength=\"400\" class=\"wpcf7-form-control wpcf7-email wpcf7-validates-as-required wpcf7-text wpcf7-validates-as-email\" aria-required=\"true\" aria-invalid=\"false\" placeholder=\"example@email.com\" value=\"\" type=\"email\" name=\"email\" \/><\/span>\n    <\/div>\n  <\/div>\n\n  <div class=\"col-md-6\">\n    <div class=\"form-inner\">\n      <label>WhatsApp \/ Phone<\/label>\n      <span class=\"wpcf7-form-control-wrap\" data-name=\"phone\"><input size=\"40\" maxlength=\"400\" class=\"wpcf7-form-control wpcf7-text wpcf7-validates-as-required\" aria-required=\"true\" aria-invalid=\"false\" placeholder=\"+20 123 456 789\" value=\"\" type=\"text\" name=\"phone\" \/><\/span>\n    <\/div>\n  <\/div>\n\n  <div class=\"col-md-6\">\n    <div class=\"form-inner\">\n      <label>Number of People<\/label>\n      <span class=\"wpcf7-form-control-wrap\" data-name=\"people\"><input class=\"wpcf7-form-control wpcf7-number wpcf7-validates-as-required wpcf7-validates-as-number\" min=\"1\" aria-required=\"true\" aria-invalid=\"false\" placeholder=\"2\" value=\"\" type=\"number\" name=\"people\" \/><\/span>\n    <\/div>\n  <\/div>\n\n  <div class=\"col-md-6\">\n    <div class=\"form-inner\">\n      <label>Pickup Location<\/label>\n      <span class=\"wpcf7-form-control-wrap\" data-name=\"pickup\"><input size=\"40\" maxlength=\"400\" class=\"wpcf7-form-control wpcf7-text wpcf7-validates-as-required\" aria-required=\"true\" aria-invalid=\"false\" placeholder=\"Hotel or Airport\" value=\"\" type=\"text\" name=\"pickup\" \/><\/span>\n    <\/div>\n  <\/div>\n\n  <div class=\"col-md-6\">\n    <div class=\"form-inner\">\n      <label>Drop-off Location<\/label>\n      <span class=\"wpcf7-form-control-wrap\" data-name=\"dropoff\"><input size=\"40\" maxlength=\"400\" class=\"wpcf7-form-control wpcf7-text wpcf7-validates-as-required\" aria-required=\"true\" aria-invalid=\"false\" placeholder=\"Destination\" value=\"\" type=\"text\" name=\"dropoff\" \/><\/span>\n    <\/div>\n  <\/div>\n\n  <!-- ROUTE (MD-6) -->\n  <div class=\"col-md-6\">\n  <div class=\"form-inner\">\n    <label>Select Route<\/label>\n    <span class=\"wpcf7-form-control-wrap\" data-name=\"route\"><select class=\"wpcf7-form-control wpcf7-select wpcf7-validates-as-required route-select\" aria-required=\"true\" aria-invalid=\"false\" name=\"route\"><option value=\"\">&#8212;Please choose an option&#8212;<\/option><option value=\"Hurghada \/ Airport\">Hurghada \/ Airport<\/option><option value=\"El Gouna - Sahl Hasheesh \/ Airport\">El Gouna - Sahl Hasheesh \/ Airport<\/option><option value=\"Makadi \/ Airport\">Makadi \/ Airport<\/option><option value=\"Safaga \/ Airport\">Safaga \/ Airport<\/option><option value=\"Nefertari \/ Airport\">Nefertari \/ Airport<\/option><option value=\"Acacia (Quseir) \/ Airport\">Acacia (Quseir) \/ Airport<\/option><option value=\"North Marsa Alam \/ Airport\">North Marsa Alam \/ Airport<\/option><option value=\"Luxor Transfer\">Luxor Transfer<\/option><option value=\"Cairo Transfer\">Cairo Transfer<\/option><option value=\"Alexandria Overnight\">Alexandria Overnight<\/option><option value=\"Overnight Stay\">Overnight Stay<\/option><\/select><\/span>\n  <\/div>\n<\/div>\n\n  <!-- TRIP TYPE (MD-6) -->\n  <div class=\"col-md-6\">\n    <div class=\"form-inner\">\n      <label>Trip Type<\/label>\n      <span class=\"wpcf7-form-control-wrap\" data-name=\"trip_type\"><select class=\"wpcf7-form-control wpcf7-select wpcf7-validates-as-required\" aria-required=\"true\" aria-invalid=\"false\" name=\"trip_type\"><option value=\"\">&#8212;Please choose an option&#8212;<\/option><option value=\"One Way\">One Way<\/option><option value=\"Two Ways\">Two Ways<\/option><\/select><\/span>\n    <\/div>\n  <\/div>\n\n  <div class=\"col-md-12\">\n    <div class=\"form-inner\">\n      <input class=\"wpcf7-form-control wpcf7-submit has-spinner btn-primary\" type=\"submit\" value=\"Send Booking\" \/>\n    <\/div>\n  <\/div>\n\n<\/div><p style=\"display: none !important;\" class=\"akismet-fields-container\" data-prefix=\"_wpcf7_ak_\"><label>&#916;<textarea name=\"_wpcf7_ak_hp_textarea\" cols=\"45\" rows=\"8\" maxlength=\"100\"><\/textarea><\/label><input type=\"hidden\" id=\"ak_js_1\" name=\"_wpcf7_ak_js\" value=\"133\"\/><script type=\"text\/javascript\">\n\/* <![CDATA[ *\/\ndocument.getElementById( \"ak_js_1\" ).setAttribute( \"value\", ( new Date() ).getTime() );\n\/* ]]> *\/\n<\/script>\n<\/p><div class=\"wpcf7-response-output\" aria-hidden=\"true\"><\/div>\n<\/form>\n<\/div>\n<\/div>\n\t\t\t\t\t\t<\/div>\n\t\t\t\t\t<\/div>\n\t\t<\/div>\n\t\t\t\t\t<\/div>\n\t\t<\/section>\n\t\t\t\t<\/div>\n\t\t","protected":false},"excerpt":{"rendered":"<p>Gatto Marsa Alam Tours Airport Transfer We provide reliable, comfortable, and punctual transfers from and to the airport, ensuring a safe and relaxing start or end to your journey. Our professional drivers and modern vehicles are ready to welcome you and take you directly to your hotel or destination with complete peace of mind. Airport [&hellip;]<\/p>\n","protected":false},"author":1,"featured_media":0,"parent":0,"menu_order":0,"comment_status":"closed","ping_status":"closed","template":"elementor_header_footer","meta":{"footnotes":""},"class_list":["post-1478","page","type-page","status-publish","hentry"],"yoast_head":"<!-- This site is optimized with the Yoast SEO plugin v27.5 - https:\/\/yoast.com\/product\/yoast-seo-wordpress\/ -->\n<title>Transport - Gatto Marsa Alam Tours - Discover Egypt with Experts. Experience It with Heart.<\/title>\n<meta name=\"robots\" content=\"index, follow, max-snippet:-1, max-image-preview:large, max-video-preview:-1\" \/>\n<link rel=\"canonical\" href=\"https:\/\/www.test.gattomarsaalamtours.com\/cs\/transport\/\" \/>\n<meta property=\"og:locale\" content=\"cs_CZ\" \/>\n<meta property=\"og:type\" content=\"article\" \/>\n<meta property=\"og:title\" content=\"Transport - Gatto Marsa Alam Tours - Discover Egypt with Experts. Experience It with Heart.\" \/>\n<meta property=\"og:description\" content=\"Gatto Marsa Alam Tours Airport Transfer We provide reliable, comfortable, and punctual transfers from and to the airport, ensuring a safe and relaxing start or end to your journey. Our professional drivers and modern vehicles are ready to welcome you and take you directly to your hotel or destination with complete peace of mind. Airport [&hellip;]\" \/>\n<meta property=\"og:url\" content=\"https:\/\/www.test.gattomarsaalamtours.com\/cs\/transport\/\" \/>\n<meta property=\"og:site_name\" content=\"Gatto Marsa Alam Tours - Discover Egypt with Experts. Experience It with Heart.\" \/>\n<meta property=\"article:modified_time\" content=\"2026-01-26T18:56:40+00:00\" \/>\n<meta name=\"twitter:card\" content=\"summary_large_image\" \/>\n<meta name=\"twitter:label1\" content=\"Odhadovan\u00e1 doba \u010dten\u00ed\" \/>\n\t<meta name=\"twitter:data1\" content=\"1 minuta\" \/>\n<script type=\"application\/ld+json\" class=\"yoast-schema-graph\">{\"@context\":\"https:\\\/\\\/schema.org\",\"@graph\":[{\"@type\":\"WebPage\",\"@id\":\"https:\\\/\\\/www.test.gattomarsaalamtours.com\\\/transport\\\/\",\"url\":\"https:\\\/\\\/www.test.gattomarsaalamtours.com\\\/transport\\\/\",\"name\":\"Transport - Gatto Marsa Alam Tours - Discover Egypt with Experts. Experience It with Heart.\",\"isPartOf\":{\"@id\":\"https:\\\/\\\/www.test.gattomarsaalamtours.com\\\/#website\"},\"datePublished\":\"2026-01-26T14:51:16+00:00\",\"dateModified\":\"2026-01-26T18:56:40+00:00\",\"breadcrumb\":{\"@id\":\"https:\\\/\\\/www.test.gattomarsaalamtours.com\\\/transport\\\/#breadcrumb\"},\"inLanguage\":\"cs\",\"potentialAction\":[{\"@type\":\"ReadAction\",\"target\":[\"https:\\\/\\\/www.test.gattomarsaalamtours.com\\\/transport\\\/\"]}]},{\"@type\":\"BreadcrumbList\",\"@id\":\"https:\\\/\\\/www.test.gattomarsaalamtours.com\\\/transport\\\/#breadcrumb\",\"itemListElement\":[{\"@type\":\"ListItem\",\"position\":1,\"name\":\"Home\",\"item\":\"https:\\\/\\\/www.test.gattomarsaalamtours.com\\\/\"},{\"@type\":\"ListItem\",\"position\":2,\"name\":\"Transport\"}]},{\"@type\":\"WebSite\",\"@id\":\"https:\\\/\\\/www.test.gattomarsaalamtours.com\\\/#website\",\"url\":\"https:\\\/\\\/www.test.gattomarsaalamtours.com\\\/\",\"name\":\"Gatto Marsa Alam Tours - Discover Egypt with Experts. Experience It with Heart.\",\"description\":\"Popular Excursions With Gatto Marsa Alam Tours\",\"potentialAction\":[{\"@type\":\"SearchAction\",\"target\":{\"@type\":\"EntryPoint\",\"urlTemplate\":\"https:\\\/\\\/www.test.gattomarsaalamtours.com\\\/?s={search_term_string}\"},\"query-input\":{\"@type\":\"PropertyValueSpecification\",\"valueRequired\":true,\"valueName\":\"search_term_string\"}}],\"inLanguage\":\"cs\"}]}<\/script>\n<!-- \/ Yoast SEO plugin. -->","yoast_head_json":{"title":"Transport - Gatto Marsa Alam Tours - Discover Egypt with Experts. Experience It with Heart.","robots":{"index":"index","follow":"follow","max-snippet":"max-snippet:-1","max-image-preview":"max-image-preview:large","max-video-preview":"max-video-preview:-1"},"canonical":"https:\/\/www.test.gattomarsaalamtours.com\/cs\/transport\/","og_locale":"cs_CZ","og_type":"article","og_title":"Transport - Gatto Marsa Alam Tours - Discover Egypt with Experts. Experience It with Heart.","og_description":"Gatto Marsa Alam Tours Airport Transfer We provide reliable, comfortable, and punctual transfers from and to the airport, ensuring a safe and relaxing start or end to your journey. Our professional drivers and modern vehicles are ready to welcome you and take you directly to your hotel or destination with complete peace of mind. Airport [&hellip;]","og_url":"https:\/\/www.test.gattomarsaalamtours.com\/cs\/transport\/","og_site_name":"Gatto Marsa Alam Tours - Discover Egypt with Experts. Experience It with Heart.","article_modified_time":"2026-01-26T18:56:40+00:00","twitter_card":"summary_large_image","twitter_misc":{"Odhadovan\u00e1 doba \u010dten\u00ed":"1 minuta"},"schema":{"@context":"https:\/\/schema.org","@graph":[{"@type":"WebPage","@id":"https:\/\/www.test.gattomarsaalamtours.com\/transport\/","url":"https:\/\/www.test.gattomarsaalamtours.com\/transport\/","name":"Transport - Gatto Marsa Alam Tours - Discover Egypt with Experts. Experience It with Heart.","isPartOf":{"@id":"https:\/\/www.test.gattomarsaalamtours.com\/#website"},"datePublished":"2026-01-26T14:51:16+00:00","dateModified":"2026-01-26T18:56:40+00:00","breadcrumb":{"@id":"https:\/\/www.test.gattomarsaalamtours.com\/transport\/#breadcrumb"},"inLanguage":"cs","potentialAction":[{"@type":"ReadAction","target":["https:\/\/www.test.gattomarsaalamtours.com\/transport\/"]}]},{"@type":"BreadcrumbList","@id":"https:\/\/www.test.gattomarsaalamtours.com\/transport\/#breadcrumb","itemListElement":[{"@type":"ListItem","position":1,"name":"Home","item":"https:\/\/www.test.gattomarsaalamtours.com\/"},{"@type":"ListItem","position":2,"name":"Transport"}]},{"@type":"WebSite","@id":"https:\/\/www.test.gattomarsaalamtours.com\/#website","url":"https:\/\/www.test.gattomarsaalamtours.com\/","name":"Gatto Marsa Alam Tours - Discover Egypt with Experts. Experience It with Heart.","description":"Popular Excursions With Gatto Marsa Alam Tours","potentialAction":[{"@type":"SearchAction","target":{"@type":"EntryPoint","urlTemplate":"https:\/\/www.test.gattomarsaalamtours.com\/?s={search_term_string}"},"query-input":{"@type":"PropertyValueSpecification","valueRequired":true,"valueName":"search_term_string"}}],"inLanguage":"cs"}]}},"_links":{"self":[{"href":"https:\/\/www.test.gattomarsaalamtours.com\/cs\/wp-json\/wp\/v2\/pages\/1478","targetHints":{"allow":["GET"]}}],"collection":[{"href":"https:\/\/www.test.gattomarsaalamtours.com\/cs\/wp-json\/wp\/v2\/pages"}],"about":[{"href":"https:\/\/www.test.gattomarsaalamtours.com\/cs\/wp-json\/wp\/v2\/types\/page"}],"author":[{"embeddable":true,"href":"https:\/\/www.test.gattomarsaalamtours.com\/cs\/wp-json\/wp\/v2\/users\/1"}],"replies":[{"embeddable":true,"href":"https:\/\/www.test.gattomarsaalamtours.com\/cs\/wp-json\/wp\/v2\/comments?post=1478"}],"version-history":[{"count":13,"href":"https:\/\/www.test.gattomarsaalamtours.com\/cs\/wp-json\/wp\/v2\/pages\/1478\/revisions"}],"predecessor-version":[{"id":1601,"href":"https:\/\/www.test.gattomarsaalamtours.com\/cs\/wp-json\/wp\/v2\/pages\/1478\/revisions\/1601"}],"wp:attachment":[{"href":"https:\/\/www.test.gattomarsaalamtours.com\/cs\/wp-json\/wp\/v2\/media?parent=1478"}],"curies":[{"name":"wp","href":"https:\/\/api.w.org\/{rel}","templated":true}]}}