{"id":1241,"date":"2026-01-25T15:42:08","date_gmt":"2026-01-25T15:42:08","guid":{"rendered":"https:\/\/www.test.gattomarsaalamtours.com\/?page_id=1241"},"modified":"2026-01-26T18:47:25","modified_gmt":"2026-01-26T18:47:25","slug":"destinations","status":"publish","type":"page","link":"https:\/\/www.test.gattomarsaalamtours.com\/cs\/destinations\/","title":{"rendered":"Destinations"},"content":{"rendered":"\t\t<div data-elementor-type=\"wp-page\" data-elementor-id=\"1241\" class=\"elementor elementor-1241\">\n\t\t\t\t\t\t<section class=\"elementor-section elementor-top-section elementor-element elementor-element-5934df0 elementor-section-height-min-height elementor-section-boxed elementor-section-height-default elementor-section-items-middle\" data-id=\"5934df0\" data-element_type=\"section\" data-e-type=\"section\" data-settings=\"{&quot;background_background&quot;:&quot;slideshow&quot;,&quot;background_slideshow_gallery&quot;:[{&quot;id&quot;:701,&quot;url&quot;:&quot;https:\\\/\\\/www.test.gattomarsaalamtours.com\\\/wp-content\\\/uploads\\\/2026\\\/01\\\/AdobeStock_279098467.jpg&quot;},{&quot;id&quot;:871,&quot;url&quot;:&quot;https:\\\/\\\/www.test.gattomarsaalamtours.com\\\/wp-content\\\/uploads\\\/2026\\\/01\\\/1edef8c5e52042aa2f097d9f83944e66.jpg&quot;},{&quot;id&quot;:873,&quot;url&quot;:&quot;https:\\\/\\\/www.test.gattomarsaalamtours.com\\\/wp-content\\\/uploads\\\/2026\\\/01\\\/Gemini_Generated_Image_3wlykd3wlykd3wly.png&quot;}],&quot;background_slideshow_slide_duration&quot;:3000,&quot;background_slideshow_transition_duration&quot;:200,&quot;background_slideshow_ken_burns&quot;:&quot;yes&quot;,&quot;background_slideshow_ken_burns_zoom_direction&quot;:&quot;out&quot;,&quot;background_slideshow_loop&quot;:&quot;yes&quot;,&quot;background_slideshow_slide_transition&quot;:&quot;fade&quot;}\">\n\t\t\t\t\t\t\t<div class=\"elementor-background-overlay\"><\/div>\n\t\t\t\t\t\t\t<div class=\"elementor-container elementor-column-gap-default\">\n\t\t\t\t\t<div class=\"elementor-column elementor-col-100 elementor-top-column elementor-element elementor-element-12ece02\" data-id=\"12ece02\" data-element_type=\"column\" data-e-type=\"column\">\n\t\t\t<div class=\"elementor-widget-wrap elementor-element-populated\">\n\t\t\t\t\t\t<div class=\"elementor-element elementor-element-949a55b animated-fast elementor-invisible elementor-widget elementor-widget-gva-heading-block\" data-id=\"949a55b\" data-element_type=\"widget\" data-e-type=\"widget\" data-settings=\"{&quot;_animation&quot;:&quot;slideInDown&quot;}\" data-widget_type=\"gva-heading-block.default\">\n\t\t\t\t<div class=\"elementor-widget-container\">\n\t\t\t\t\t<div class=\"gva-element-gva-heading-block gva-element\">   <div class=\"align-center style-5 widget gsc-heading box-align-left auto-responsive\">\r\n      <div class=\"content-inner\">\r\n         \r\n                  \r\n         <div class=\"sub-title\"><span class=\"tagline\">Gatto Marsa Alam Tours<\/span><\/div>  \r\n         \r\n                     <h2 class=\"title\">\r\n               <span>Our Destinations in Egypt<\/span>\r\n            <\/h2>\r\n                  \r\n                     <div class=\"title-desc\">Egypt is more than a destination \u2014 it\u2019s an experience that awakens all your senses. Gatto Marsa Alam Tours proudly offers unforgettable excursions in two of Egypt\u2019s most stunning Red Sea destinations.<\/div>\r\n         \r\n         \r\n      <\/div>\r\n   <\/div>\r\n<\/div>\t\t\t\t<\/div>\n\t\t\t\t<\/div>\n\t\t\t\t\t<\/div>\n\t\t<\/div>\n\t\t\t\t\t<\/div>\n\t\t<\/section>\n\t\t\t\t<section class=\"elementor-section elementor-top-section elementor-element elementor-element-7d436c6 elementor-section-boxed elementor-section-height-default elementor-section-height-default\" data-id=\"7d436c6\" data-element_type=\"section\" data-e-type=\"section\" data-settings=\"{&quot;background_background&quot;:&quot;classic&quot;}\">\n\t\t\t\t\t\t<div class=\"elementor-container elementor-column-gap-default\">\n\t\t\t\t\t<div class=\"elementor-column elementor-col-100 elementor-top-column elementor-element elementor-element-3aa32f4\" data-id=\"3aa32f4\" data-element_type=\"column\" data-e-type=\"column\">\n\t\t\t<div class=\"elementor-widget-wrap elementor-element-populated\">\n\t\t\t\t\t\t<div class=\"elementor-element elementor-element-7c040e7 elementor-widget elementor-widget-gva-heading-block\" data-id=\"7c040e7\" data-element_type=\"widget\" data-e-type=\"widget\" data-widget_type=\"gva-heading-block.default\">\n\t\t\t\t<div class=\"elementor-widget-container\">\n\t\t\t\t\t<div class=\"gva-element-gva-heading-block gva-element\">   <div class=\"align-center style-1 widget gsc-heading box-align-left auto-responsive\">\r\n      <div class=\"content-inner\">\r\n         \r\n                  \r\n         <div class=\"sub-title\"><span class=\"tagline\">Popular Destinatsions<\/span><\/div>  \r\n         \r\n                     <h2 class=\"title\">\r\n               <span>Explore Real Adventure with Gatto Marsa Alam Tours<\/span>\r\n            <\/h2>\r\n                  \r\n         \r\n         \r\n      <\/div>\r\n   <\/div>\r\n<\/div>\t\t\t\t<\/div>\n\t\t\t\t<\/div>\n\t\t\t\t<div class=\"elementor-element elementor-element-861aec9 elementor-widget elementor-widget-gva-banners\" data-id=\"861aec9\" data-element_type=\"widget\" data-e-type=\"widget\" data-widget_type=\"gva-banners.default\">\n\t\t\t\t<div class=\"elementor-widget-container\">\n\t\t\t\t\t<div class=\"gva-element-gva-banners gva-element\">\r\n<div class=\"gsc-banners layout-grid\">\r\n   <div class=\"lg-block-grid-2 md-block-grid-2 sm-block-grid-2 xs-block-grid-2 xx-block-grid-2\">\r\n      <div class=\"item-columns\"><div class=\"banner-one__single\"><div class=\"banner-one__content\"><div class=\"banner-one__image\"><img decoding=\"async\" src=\"https:\/\/www.test.gattomarsaalamtours.com\/wp-content\/uploads\/2026\/01\/2020-02-15_12-22-46_UTC-257088.jpg\" alt=\"Hurghada\"\/><\/div><div class=\"banner-one__content-inner\"><div class=\"banner-one__subtitle banner-two__subtitle\">Discover<\/div><div class=\"banner-one__content-top\"><h4 class=\"banner-one__title\"><span>Hurghada<\/span><\/h4><span class=\"banner-one__arrow\"><i class=\"fa-solid fa-arrow-right\"><\/i><\/span><\/div><div class=\"banner-one__desc\">Hurghada is a beach resort town stretching some 40km along Egypt\u2019s Red Sea coast.<\/div><\/div><a href=\"https:\/\/www.test.gattomarsaalamtours.com\/ba_location\/hurghada\/\" class=\"banner-one__link-overlay\"><\/a><\/div><\/div><\/div><div class=\"item-columns\"><div class=\"banner-one__single\"><div class=\"banner-one__content\"><div class=\"banner-one__image\"><img decoding=\"async\" src=\"https:\/\/www.test.gattomarsaalamtours.com\/wp-content\/uploads\/2026\/01\/\u0627\u0648\u0631\u0627\u0646\u062c_\u0628\u0627\u064a_\u0627\u0644\u063a\u0631\u062f\u0642\u0629_2.jpeg\" alt=\"Marsa Alam\"\/><\/div><div class=\"banner-one__content-inner\"><div class=\"banner-one__subtitle banner-two__subtitle\">Discover<\/div><div class=\"banner-one__content-top\"><h4 class=\"banner-one__title\"><span>Marsa Alam<\/span><\/h4><span class=\"banner-one__arrow\"><i class=\"fa-solid fa-arrow-right\"><\/i><\/span><\/div><div class=\"banner-one__desc\">Marsa Alam is a resort town on the Red Sea in Egypt. It\u2019s renowned for its sandy beaches and coral reefs.<\/div><\/div><a href=\"https:\/\/www.test.gattomarsaalamtours.com\/ba_location\/marsa-alam\/\" class=\"banner-one__link-overlay\"><\/a><\/div><\/div><\/div>   <\/div>\r\n<\/div>\r\n<\/div>\t\t\t\t<\/div>\n\t\t\t\t<\/div>\n\t\t\t\t<div class=\"elementor-element elementor-element-4198016 elementor-widget elementor-widget-gva-banners\" data-id=\"4198016\" data-element_type=\"widget\" data-e-type=\"widget\" data-widget_type=\"gva-banners.default\">\n\t\t\t\t<div class=\"elementor-widget-container\">\n\t\t\t\t\t<div class=\"gva-element-gva-banners gva-element\">\r\n<div class=\"gsc-banners layout-grid\">\r\n   <div class=\"lg-block-grid-2 md-block-grid-2 sm-block-grid-2 xs-block-grid-2 xx-block-grid-2\">\r\n      <div class=\"item-columns\"><div class=\"banner-one__single\"><div class=\"banner-one__content\"><div class=\"banner-one__image\"><img decoding=\"async\" src=\"https:\/\/www.test.gattomarsaalamtours.com\/wp-content\/uploads\/2026\/01\/1edef8c5e52042aa2f097d9f83944e66.jpg\" alt=\"Cairo\"\/><\/div><div class=\"banner-one__content-inner\"><div class=\"banner-one__subtitle banner-two__subtitle\">Discover<\/div><div class=\"banner-one__content-top\"><h4 class=\"banner-one__title\"><span>Cairo<\/span><\/h4><span class=\"banner-one__arrow\"><i class=\"fa-solid fa-arrow-right\"><\/i><\/span><\/div><div class=\"banner-one__desc\">Cairo is one of the most fascinating cities in the world - a place where 7,000 years of history coexist with vibrant modern life. <\/div><\/div><a href=\"https:\/\/www.test.gattomarsaalamtours.com\/ba_location\/cairo\/\" class=\"banner-one__link-overlay\"><\/a><\/div><\/div><\/div><div class=\"item-columns\"><div class=\"banner-one__single\"><div class=\"banner-one__content\"><div class=\"banner-one__image\"><img decoding=\"async\" src=\"https:\/\/www.test.gattomarsaalamtours.com\/wp-content\/uploads\/2026\/01\/145-48.jpg\" alt=\"Luxor\"\/><\/div><div class=\"banner-one__content-inner\"><div class=\"banner-one__subtitle banner-two__subtitle\">Discover<\/div><div class=\"banner-one__content-top\"><h4 class=\"banner-one__title\"><span>Luxor<\/span><\/h4><span class=\"banner-one__arrow\"><i class=\"fa-solid fa-arrow-right\"><\/i><\/span><\/div><div class=\"banner-one__desc\">Luxor is not just a destination \u2014 it is a journey through thousands of years of human civilization. <\/div><\/div><a href=\"https:\/\/www.test.gattomarsaalamtours.com\/ba_location\/luxor\/\" class=\"banner-one__link-overlay\"><\/a><\/div><\/div><\/div>   <\/div>\r\n<\/div>\r\n<\/div>\t\t\t\t<\/div>\n\t\t\t\t<\/div>\n\t\t\t\t\t<\/div>\n\t\t<\/div>\n\t\t\t\t\t<\/div>\n\t\t<\/section>\n\t\t\t\t<\/div>\n\t\t","protected":false},"excerpt":{"rendered":"<p>Gatto Marsa Alam Tours Our Destinations in Egypt Egypt is more than a destination \u2014 it\u2019s an experience that awakens all your senses. Gatto Marsa Alam Tours proudly offers unforgettable excursions in two of Egypt\u2019s most stunning Red Sea destinations. Popular Destinatsions Explore Real Adventure with Gatto Marsa Alam Tours Discover Hurghada Hurghada is a [&hellip;]<\/p>\n","protected":false},"author":1,"featured_media":0,"parent":0,"menu_order":0,"comment_status":"closed","ping_status":"closed","template":"elementor_header_footer","meta":{"footnotes":""},"class_list":["post-1241","page","type-page","status-publish","hentry"],"yoast_head":"<!-- This site is optimized with the Yoast SEO plugin v27.5 - https:\/\/yoast.com\/product\/yoast-seo-wordpress\/ -->\n<title>Destinations - Gatto Marsa Alam Tours - Discover Egypt with Experts. Experience It with Heart.<\/title>\n<meta name=\"robots\" content=\"index, follow, max-snippet:-1, max-image-preview:large, max-video-preview:-1\" \/>\n<link rel=\"canonical\" href=\"https:\/\/www.test.gattomarsaalamtours.com\/cs\/destinations\/\" \/>\n<meta property=\"og:locale\" content=\"cs_CZ\" \/>\n<meta property=\"og:type\" content=\"article\" \/>\n<meta property=\"og:title\" content=\"Destinations - Gatto Marsa Alam Tours - Discover Egypt with Experts. Experience It with Heart.\" \/>\n<meta property=\"og:description\" content=\"Gatto Marsa Alam Tours Our Destinations in Egypt Egypt is more than a destination \u2014 it\u2019s an experience that awakens all your senses. Gatto Marsa Alam Tours proudly offers unforgettable excursions in two of Egypt\u2019s most stunning Red Sea destinations. Popular Destinatsions Explore Real Adventure with Gatto Marsa Alam Tours Discover Hurghada Hurghada is a [&hellip;]\" \/>\n<meta property=\"og:url\" content=\"https:\/\/www.test.gattomarsaalamtours.com\/cs\/destinations\/\" \/>\n<meta property=\"og:site_name\" content=\"Gatto Marsa Alam Tours - Discover Egypt with Experts. Experience It with Heart.\" \/>\n<meta property=\"article:modified_time\" content=\"2026-01-26T18:47:25+00:00\" \/>\n<meta property=\"og:image\" content=\"https:\/\/www.test.gattomarsaalamtours.com\/wp-content\/uploads\/2026\/01\/2020-02-15_12-22-46_UTC-257088.jpg\" \/>\n<meta name=\"twitter:card\" content=\"summary_large_image\" \/>\n<meta name=\"twitter:label1\" content=\"Odhadovan\u00e1 doba \u010dten\u00ed\" \/>\n\t<meta name=\"twitter:data1\" content=\"1 minuta\" \/>\n<script type=\"application\/ld+json\" class=\"yoast-schema-graph\">{\"@context\":\"https:\\\/\\\/schema.org\",\"@graph\":[{\"@type\":\"WebPage\",\"@id\":\"https:\\\/\\\/www.test.gattomarsaalamtours.com\\\/destinations\\\/\",\"url\":\"https:\\\/\\\/www.test.gattomarsaalamtours.com\\\/destinations\\\/\",\"name\":\"Destinations - Gatto Marsa Alam Tours - Discover Egypt with Experts. Experience It with Heart.\",\"isPartOf\":{\"@id\":\"https:\\\/\\\/www.test.gattomarsaalamtours.com\\\/#website\"},\"primaryImageOfPage\":{\"@id\":\"https:\\\/\\\/www.test.gattomarsaalamtours.com\\\/destinations\\\/#primaryimage\"},\"image\":{\"@id\":\"https:\\\/\\\/www.test.gattomarsaalamtours.com\\\/destinations\\\/#primaryimage\"},\"thumbnailUrl\":\"https:\\\/\\\/www.test.gattomarsaalamtours.com\\\/wp-content\\\/uploads\\\/2026\\\/01\\\/2020-02-15_12-22-46_UTC-257088.jpg\",\"datePublished\":\"2026-01-25T15:42:08+00:00\",\"dateModified\":\"2026-01-26T18:47:25+00:00\",\"breadcrumb\":{\"@id\":\"https:\\\/\\\/www.test.gattomarsaalamtours.com\\\/destinations\\\/#breadcrumb\"},\"inLanguage\":\"cs\",\"potentialAction\":[{\"@type\":\"ReadAction\",\"target\":[\"https:\\\/\\\/www.test.gattomarsaalamtours.com\\\/destinations\\\/\"]}]},{\"@type\":\"ImageObject\",\"inLanguage\":\"cs\",\"@id\":\"https:\\\/\\\/www.test.gattomarsaalamtours.com\\\/destinations\\\/#primaryimage\",\"url\":\"https:\\\/\\\/www.test.gattomarsaalamtours.com\\\/wp-content\\\/uploads\\\/2026\\\/01\\\/2020-02-15_12-22-46_UTC-257088.jpg\",\"contentUrl\":\"https:\\\/\\\/www.test.gattomarsaalamtours.com\\\/wp-content\\\/uploads\\\/2026\\\/01\\\/2020-02-15_12-22-46_UTC-257088.jpg\"},{\"@type\":\"BreadcrumbList\",\"@id\":\"https:\\\/\\\/www.test.gattomarsaalamtours.com\\\/destinations\\\/#breadcrumb\",\"itemListElement\":[{\"@type\":\"ListItem\",\"position\":1,\"name\":\"Home\",\"item\":\"https:\\\/\\\/www.test.gattomarsaalamtours.com\\\/\"},{\"@type\":\"ListItem\",\"position\":2,\"name\":\"Destinations\"}]},{\"@type\":\"WebSite\",\"@id\":\"https:\\\/\\\/www.test.gattomarsaalamtours.com\\\/#website\",\"url\":\"https:\\\/\\\/www.test.gattomarsaalamtours.com\\\/\",\"name\":\"Gatto Marsa Alam Tours - Discover Egypt with Experts. Experience It with Heart.\",\"description\":\"Popular Excursions With Gatto Marsa Alam Tours\",\"potentialAction\":[{\"@type\":\"SearchAction\",\"target\":{\"@type\":\"EntryPoint\",\"urlTemplate\":\"https:\\\/\\\/www.test.gattomarsaalamtours.com\\\/?s={search_term_string}\"},\"query-input\":{\"@type\":\"PropertyValueSpecification\",\"valueRequired\":true,\"valueName\":\"search_term_string\"}}],\"inLanguage\":\"cs\"}]}<\/script>\n<!-- \/ Yoast SEO plugin. -->","yoast_head_json":{"title":"Destinations - Gatto Marsa Alam Tours - Discover Egypt with Experts. Experience It with Heart.","robots":{"index":"index","follow":"follow","max-snippet":"max-snippet:-1","max-image-preview":"max-image-preview:large","max-video-preview":"max-video-preview:-1"},"canonical":"https:\/\/www.test.gattomarsaalamtours.com\/cs\/destinations\/","og_locale":"cs_CZ","og_type":"article","og_title":"Destinations - Gatto Marsa Alam Tours - Discover Egypt with Experts. Experience It with Heart.","og_description":"Gatto Marsa Alam Tours Our Destinations in Egypt Egypt is more than a destination \u2014 it\u2019s an experience that awakens all your senses. Gatto Marsa Alam Tours proudly offers unforgettable excursions in two of Egypt\u2019s most stunning Red Sea destinations. Popular Destinatsions Explore Real Adventure with Gatto Marsa Alam Tours Discover Hurghada Hurghada is a [&hellip;]","og_url":"https:\/\/www.test.gattomarsaalamtours.com\/cs\/destinations\/","og_site_name":"Gatto Marsa Alam Tours - Discover Egypt with Experts. Experience It with Heart.","article_modified_time":"2026-01-26T18:47:25+00:00","og_image":[{"url":"https:\/\/www.test.gattomarsaalamtours.com\/wp-content\/uploads\/2026\/01\/2020-02-15_12-22-46_UTC-257088.jpg","type":"","width":"","height":""}],"twitter_card":"summary_large_image","twitter_misc":{"Odhadovan\u00e1 doba \u010dten\u00ed":"1 minuta"},"schema":{"@context":"https:\/\/schema.org","@graph":[{"@type":"WebPage","@id":"https:\/\/www.test.gattomarsaalamtours.com\/destinations\/","url":"https:\/\/www.test.gattomarsaalamtours.com\/destinations\/","name":"Destinations - Gatto Marsa Alam Tours - Discover Egypt with Experts. Experience It with Heart.","isPartOf":{"@id":"https:\/\/www.test.gattomarsaalamtours.com\/#website"},"primaryImageOfPage":{"@id":"https:\/\/www.test.gattomarsaalamtours.com\/destinations\/#primaryimage"},"image":{"@id":"https:\/\/www.test.gattomarsaalamtours.com\/destinations\/#primaryimage"},"thumbnailUrl":"https:\/\/www.test.gattomarsaalamtours.com\/wp-content\/uploads\/2026\/01\/2020-02-15_12-22-46_UTC-257088.jpg","datePublished":"2026-01-25T15:42:08+00:00","dateModified":"2026-01-26T18:47:25+00:00","breadcrumb":{"@id":"https:\/\/www.test.gattomarsaalamtours.com\/destinations\/#breadcrumb"},"inLanguage":"cs","potentialAction":[{"@type":"ReadAction","target":["https:\/\/www.test.gattomarsaalamtours.com\/destinations\/"]}]},{"@type":"ImageObject","inLanguage":"cs","@id":"https:\/\/www.test.gattomarsaalamtours.com\/destinations\/#primaryimage","url":"https:\/\/www.test.gattomarsaalamtours.com\/wp-content\/uploads\/2026\/01\/2020-02-15_12-22-46_UTC-257088.jpg","contentUrl":"https:\/\/www.test.gattomarsaalamtours.com\/wp-content\/uploads\/2026\/01\/2020-02-15_12-22-46_UTC-257088.jpg"},{"@type":"BreadcrumbList","@id":"https:\/\/www.test.gattomarsaalamtours.com\/destinations\/#breadcrumb","itemListElement":[{"@type":"ListItem","position":1,"name":"Home","item":"https:\/\/www.test.gattomarsaalamtours.com\/"},{"@type":"ListItem","position":2,"name":"Destinations"}]},{"@type":"WebSite","@id":"https:\/\/www.test.gattomarsaalamtours.com\/#website","url":"https:\/\/www.test.gattomarsaalamtours.com\/","name":"Gatto Marsa Alam Tours - Discover Egypt with Experts. Experience It with Heart.","description":"Popular Excursions With Gatto Marsa Alam Tours","potentialAction":[{"@type":"SearchAction","target":{"@type":"EntryPoint","urlTemplate":"https:\/\/www.test.gattomarsaalamtours.com\/?s={search_term_string}"},"query-input":{"@type":"PropertyValueSpecification","valueRequired":true,"valueName":"search_term_string"}}],"inLanguage":"cs"}]}},"_links":{"self":[{"href":"https:\/\/www.test.gattomarsaalamtours.com\/cs\/wp-json\/wp\/v2\/pages\/1241","targetHints":{"allow":["GET"]}}],"collection":[{"href":"https:\/\/www.test.gattomarsaalamtours.com\/cs\/wp-json\/wp\/v2\/pages"}],"about":[{"href":"https:\/\/www.test.gattomarsaalamtours.com\/cs\/wp-json\/wp\/v2\/types\/page"}],"author":[{"embeddable":true,"href":"https:\/\/www.test.gattomarsaalamtours.com\/cs\/wp-json\/wp\/v2\/users\/1"}],"replies":[{"embeddable":true,"href":"https:\/\/www.test.gattomarsaalamtours.com\/cs\/wp-json\/wp\/v2\/comments?post=1241"}],"version-history":[{"count":13,"href":"https:\/\/www.test.gattomarsaalamtours.com\/cs\/wp-json\/wp\/v2\/pages\/1241\/revisions"}],"predecessor-version":[{"id":1589,"href":"https:\/\/www.test.gattomarsaalamtours.com\/cs\/wp-json\/wp\/v2\/pages\/1241\/revisions\/1589"}],"wp:attachment":[{"href":"https:\/\/www.test.gattomarsaalamtours.com\/cs\/wp-json\/wp\/v2\/media?parent=1241"}],"curies":[{"name":"wp","href":"https:\/\/api.w.org\/{rel}","templated":true}]}}